{"id":554,"date":"2023-07-19T10:40:05","date_gmt":"2023-07-19T08:40:05","guid":{"rendered":"https:\/\/albapelletterie.gruppoflorence.it\/?page_id=554"},"modified":"2024-12-19T17:15:39","modified_gmt":"2024-12-19T16:15:39","slug":"prestations","status":"publish","type":"page","link":"https:\/\/albapelletterie.gruppoflorence.it\/fr\/prestations\/","title":{"rendered":"Prestations"},"content":{"rendered":"","protected":false},"excerpt":{"rendered":"","protected":false},"author":8,"featured_media":0,"parent":0,"menu_order":0,"comment_status":"closed","ping_status":"closed","template":"","meta":{"_acf_changed":false,"footnotes":""},"class_list":["post-554","page","type-page","status-publish","hentry"],"acf":[],"yoast_head":"<!-- This site is optimized with the Yoast SEO plugin v27.3 - https:\/\/yoast.com\/product\/yoast-seo-wordpress\/ -->\n<title>Prestations - A.L.B.A. Pelletterie - Gruppo Florence<\/title>\n<meta name=\"description\" content=\"Alba fonde sa production sur un processus de recherche et de d\u00e9veloppement minutieux, en s&#039;appuyant sur des mat\u00e9riaux de premi\u00e8re qualit\u00e9 pour la cr\u00e9ation de sacs et d&#039;articles de petite maroquinerie\" \/>\n<meta name=\"robots\" content=\"index, follow, max-snippet:-1, max-image-preview:large, max-video-preview:-1\" \/>\n<link rel=\"canonical\" href=\"https:\/\/albapelletterie.gruppoflorence.it\/fr\/prestations\/\" \/>\n<meta property=\"og:locale\" content=\"fr_FR\" \/>\n<meta property=\"og:type\" content=\"article\" \/>\n<meta property=\"og:title\" content=\"Prestations - A.L.B.A. Pelletterie - Gruppo Florence\" \/>\n<meta property=\"og:description\" content=\"Alba fonde sa production sur un processus de recherche et de d\u00e9veloppement minutieux, en s&#039;appuyant sur des mat\u00e9riaux de premi\u00e8re qualit\u00e9 pour la cr\u00e9ation de sacs et d&#039;articles de petite maroquinerie\" \/>\n<meta property=\"og:url\" content=\"https:\/\/albapelletterie.gruppoflorence.it\/fr\/prestations\/\" \/>\n<meta property=\"og:site_name\" content=\"A.L.B.A. Pelletterie\" \/>\n<meta property=\"article:modified_time\" content=\"2024-12-19T16:15:39+00:00\" \/>\n<meta name=\"twitter:card\" content=\"summary_large_image\" \/>\n<script type=\"application\/ld+json\" class=\"yoast-schema-graph\">{\"@context\":\"https:\\\/\\\/schema.org\",\"@graph\":[{\"@type\":\"WebPage\",\"@id\":\"https:\\\/\\\/albapelletterie.gruppoflorence.it\\\/fr\\\/prestations\\\/\",\"url\":\"https:\\\/\\\/albapelletterie.gruppoflorence.it\\\/fr\\\/prestations\\\/\",\"name\":\"Prestations - A.L.B.A. Pelletterie - Gruppo Florence\",\"isPartOf\":{\"@id\":\"https:\\\/\\\/albapelletterie.gruppoflorence.it\\\/#website\"},\"datePublished\":\"2023-07-19T08:40:05+00:00\",\"dateModified\":\"2024-12-19T16:15:39+00:00\",\"description\":\"Alba fonde sa production sur un processus de recherche et de d\u00e9veloppement minutieux, en s'appuyant sur des mat\u00e9riaux de premi\u00e8re qualit\u00e9 pour la cr\u00e9ation de sacs et d'articles de petite maroquinerie\",\"breadcrumb\":{\"@id\":\"https:\\\/\\\/albapelletterie.gruppoflorence.it\\\/fr\\\/prestations\\\/#breadcrumb\"},\"inLanguage\":\"fr-FR\",\"potentialAction\":[{\"@type\":\"ReadAction\",\"target\":[\"https:\\\/\\\/albapelletterie.gruppoflorence.it\\\/fr\\\/prestations\\\/\"]}]},{\"@type\":\"BreadcrumbList\",\"@id\":\"https:\\\/\\\/albapelletterie.gruppoflorence.it\\\/fr\\\/prestations\\\/#breadcrumb\",\"itemListElement\":[{\"@type\":\"ListItem\",\"position\":1,\"name\":\"Home\",\"item\":\"https:\\\/\\\/albapelletterie.gruppoflorence.it\\\/fr\\\/\"},{\"@type\":\"ListItem\",\"position\":2,\"name\":\"Prestations\"}]},{\"@type\":\"WebSite\",\"@id\":\"https:\\\/\\\/albapelletterie.gruppoflorence.it\\\/#website\",\"url\":\"https:\\\/\\\/albapelletterie.gruppoflorence.it\\\/\",\"name\":\"A.L.B.A. Pelletterie\",\"description\":\"\",\"potentialAction\":[{\"@type\":\"SearchAction\",\"target\":{\"@type\":\"EntryPoint\",\"urlTemplate\":\"https:\\\/\\\/albapelletterie.gruppoflorence.it\\\/?s={search_term_string}\"},\"query-input\":{\"@type\":\"PropertyValueSpecification\",\"valueRequired\":true,\"valueName\":\"search_term_string\"}}],\"inLanguage\":\"fr-FR\"}]}<\/script>\n<!-- \/ Yoast SEO plugin. -->","yoast_head_json":{"title":"Prestations - A.L.B.A. Pelletterie - Gruppo Florence","description":"Alba fonde sa production sur un processus de recherche et de d\u00e9veloppement minutieux, en s'appuyant sur des mat\u00e9riaux de premi\u00e8re qualit\u00e9 pour la cr\u00e9ation de sacs et d'articles de petite maroquinerie","robots":{"index":"index","follow":"follow","max-snippet":"max-snippet:-1","max-image-preview":"max-image-preview:large","max-video-preview":"max-video-preview:-1"},"canonical":"https:\/\/albapelletterie.gruppoflorence.it\/fr\/prestations\/","og_locale":"fr_FR","og_type":"article","og_title":"Prestations - A.L.B.A. Pelletterie - Gruppo Florence","og_description":"Alba fonde sa production sur un processus de recherche et de d\u00e9veloppement minutieux, en s'appuyant sur des mat\u00e9riaux de premi\u00e8re qualit\u00e9 pour la cr\u00e9ation de sacs et d'articles de petite maroquinerie","og_url":"https:\/\/albapelletterie.gruppoflorence.it\/fr\/prestations\/","og_site_name":"A.L.B.A. Pelletterie","article_modified_time":"2024-12-19T16:15:39+00:00","twitter_card":"summary_large_image","schema":{"@context":"https:\/\/schema.org","@graph":[{"@type":"WebPage","@id":"https:\/\/albapelletterie.gruppoflorence.it\/fr\/prestations\/","url":"https:\/\/albapelletterie.gruppoflorence.it\/fr\/prestations\/","name":"Prestations - A.L.B.A. Pelletterie - Gruppo Florence","isPartOf":{"@id":"https:\/\/albapelletterie.gruppoflorence.it\/#website"},"datePublished":"2023-07-19T08:40:05+00:00","dateModified":"2024-12-19T16:15:39+00:00","description":"Alba fonde sa production sur un processus de recherche et de d\u00e9veloppement minutieux, en s'appuyant sur des mat\u00e9riaux de premi\u00e8re qualit\u00e9 pour la cr\u00e9ation de sacs et d'articles de petite maroquinerie","breadcrumb":{"@id":"https:\/\/albapelletterie.gruppoflorence.it\/fr\/prestations\/#breadcrumb"},"inLanguage":"fr-FR","potentialAction":[{"@type":"ReadAction","target":["https:\/\/albapelletterie.gruppoflorence.it\/fr\/prestations\/"]}]},{"@type":"BreadcrumbList","@id":"https:\/\/albapelletterie.gruppoflorence.it\/fr\/prestations\/#breadcrumb","itemListElement":[{"@type":"ListItem","position":1,"name":"Home","item":"https:\/\/albapelletterie.gruppoflorence.it\/fr\/"},{"@type":"ListItem","position":2,"name":"Prestations"}]},{"@type":"WebSite","@id":"https:\/\/albapelletterie.gruppoflorence.it\/#website","url":"https:\/\/albapelletterie.gruppoflorence.it\/","name":"A.L.B.A. Pelletterie","description":"","potentialAction":[{"@type":"SearchAction","target":{"@type":"EntryPoint","urlTemplate":"https:\/\/albapelletterie.gruppoflorence.it\/?s={search_term_string}"},"query-input":{"@type":"PropertyValueSpecification","valueRequired":true,"valueName":"search_term_string"}}],"inLanguage":"fr-FR"}]}},"_links":{"self":[{"href":"https:\/\/albapelletterie.gruppoflorence.it\/fr\/wp-json\/wp\/v2\/pages\/554","targetHints":{"allow":["GET"]}}],"collection":[{"href":"https:\/\/albapelletterie.gruppoflorence.it\/fr\/wp-json\/wp\/v2\/pages"}],"about":[{"href":"https:\/\/albapelletterie.gruppoflorence.it\/fr\/wp-json\/wp\/v2\/types\/page"}],"author":[{"embeddable":true,"href":"https:\/\/albapelletterie.gruppoflorence.it\/fr\/wp-json\/wp\/v2\/users\/8"}],"replies":[{"embeddable":true,"href":"https:\/\/albapelletterie.gruppoflorence.it\/fr\/wp-json\/wp\/v2\/comments?post=554"}],"version-history":[{"count":9,"href":"https:\/\/albapelletterie.gruppoflorence.it\/fr\/wp-json\/wp\/v2\/pages\/554\/revisions"}],"predecessor-version":[{"id":700,"href":"https:\/\/albapelletterie.gruppoflorence.it\/fr\/wp-json\/wp\/v2\/pages\/554\/revisions\/700"}],"wp:attachment":[{"href":"https:\/\/albapelletterie.gruppoflorence.it\/fr\/wp-json\/wp\/v2\/media?parent=554"}],"curies":[{"name":"wp","href":"https:\/\/api.w.org\/{rel}","templated":true}]}}